{"id":1741,"date":"2021-08-18T12:03:42","date_gmt":"2021-08-18T12:03:42","guid":{"rendered":"http:\/\/koosbuist.nl\/?page_id=1741"},"modified":"2021-08-20T08:25:37","modified_gmt":"2021-08-20T08:25:37","slug":"workshops","status":"publish","type":"page","link":"https:\/\/koosbuist.nl\/?page_id=1741","title":{"rendered":"Workshops"},"content":{"rendered":"<p>Hieronder een selectie van workshops en publieks activeiten voor jong en oud.<br \/>\nDeze ontwikkelde ik op uitnodiging voor scholen, festivals, azc&#8217;s en culturele instellingen.<\/p>\n<p>Mocht u ook opzoek zijn naar een unieke workshop dan ontwikkel ik na aanleiding van uw wensen, idee\u00ebn en budget met plezier een passend voorstel. Gemiddeld is de totaal prijs van een opmaat gemaakte workshop voor \u00e9\u00e9n dag 700,- excl. btw.<br \/>\nDit bedrag kan afwijken afhankelijk van uw wensen, de duur, het aantal deelnemers en het te gebruiken materiaal.<br \/>\nVoor extra uitvoeringsdagen hanteer ik een dagprijs van 350,- excl. BTW (onder bepaalde omstandigheden zijn workshops vrijgesteld van BTW)<\/p>\n<p><a href=\"http:\/\/koosbuist.nl\/wp-content\/uploads\/2021\/08\/Expeditie-micronaut-wit--scaled.jpg\"><img loading=\"lazy\" class=\"alignnone wp-image-1744 size-large\" src=\"http:\/\/koosbuist.nl\/wp-content\/uploads\/2021\/08\/Expeditie-micronaut-wit--scaled-e1628674617743-718x1024.jpg\" alt=\"\" width=\"560\" height=\"799\" srcset=\"https:\/\/koosbuist.nl\/wp-content\/uploads\/2021\/08\/Expeditie-micronaut-wit--scaled-e1628674617743-718x1024.jpg 718w, https:\/\/koosbuist.nl\/wp-content\/uploads\/2021\/08\/Expeditie-micronaut-wit--scaled-e1628674617743-768x1095.jpg 768w, https:\/\/koosbuist.nl\/wp-content\/uploads\/2021\/08\/Expeditie-micronaut-wit--scaled-e1628674617743-1077x1536.jpg 1077w, https:\/\/koosbuist.nl\/wp-content\/uploads\/2021\/08\/Expeditie-micronaut-wit--scaled-e1628674617743-1436x2048.jpg 1436w, https:\/\/koosbuist.nl\/wp-content\/uploads\/2021\/08\/Expeditie-micronaut-wit--scaled-e1628674617743.jpg 1696w\" sizes=\"(max-width: 560px) 100vw, 560px\" \/><\/a><\/p>\n<p>EXPEDITIE MICRO NAUT, Deze publieks activiteit heb ik op vele verschillende locaties en vormen uitgevoerd.<br \/>\nDe basis is het speels onderzoeken en inkaartbrenging van locale micro natuur. Op de foto&#8217;s hier boven onderzocht het publiek verschillende biotopen op het voormalig suikerunie terrein in Groningen. Alles wat we tegen kwamen probeerden zij zo goed mogelijk na te tekenen en op te schrijven. De kennis van verschillende deelnemers kwam hierbij goed van pas.<br \/>\nAfhankelijk van locatie, doelgroep en setting kan het een wetenschappelijke, filosofische, theatrale insteek hebben.<\/p>\n<p><a href=\"http:\/\/koosbuist.nl\/wp-content\/uploads\/2021\/08\/P1820066-scaled.jpeg\"><img loading=\"lazy\" class=\"alignnone size-large wp-image-1792\" src=\"http:\/\/koosbuist.nl\/wp-content\/uploads\/2021\/08\/P1820066-1024x576.jpeg\" alt=\"\" width=\"560\" height=\"315\" srcset=\"https:\/\/koosbuist.nl\/wp-content\/uploads\/2021\/08\/P1820066-1024x576.jpeg 1024w, https:\/\/koosbuist.nl\/wp-content\/uploads\/2021\/08\/P1820066-768x432.jpeg 768w, https:\/\/koosbuist.nl\/wp-content\/uploads\/2021\/08\/P1820066-1536x864.jpeg 1536w, https:\/\/koosbuist.nl\/wp-content\/uploads\/2021\/08\/P1820066-2048x1152.jpeg 2048w\" sizes=\"(max-width: 560px) 100vw, 560px\" \/><\/a><\/p>\n<p><a href=\"http:\/\/koosbuist.nl\/wp-content\/uploads\/2021\/08\/P1820123-scaled.jpeg\"><img loading=\"lazy\" class=\"alignnone size-large wp-image-1793\" src=\"http:\/\/koosbuist.nl\/wp-content\/uploads\/2021\/08\/P1820123-844x1024.jpeg\" alt=\"\" width=\"560\" height=\"679\" srcset=\"https:\/\/koosbuist.nl\/wp-content\/uploads\/2021\/08\/P1820123-844x1024.jpeg 844w, https:\/\/koosbuist.nl\/wp-content\/uploads\/2021\/08\/P1820123-768x932.jpeg 768w, https:\/\/koosbuist.nl\/wp-content\/uploads\/2021\/08\/P1820123-1266x1536.jpeg 1266w, https:\/\/koosbuist.nl\/wp-content\/uploads\/2021\/08\/P1820123-1688x2048.jpeg 1688w\" sizes=\"(max-width: 560px) 100vw, 560px\" \/><\/a><\/p>\n<p><a href=\"http:\/\/koosbuist.nl\/wp-content\/uploads\/2021\/08\/P1820099-scaled.jpg\"><img loading=\"lazy\" class=\"alignnone size-large wp-image-1790\" src=\"http:\/\/koosbuist.nl\/wp-content\/uploads\/2021\/08\/P1820099-1024x576.jpg\" alt=\"\" width=\"560\" height=\"315\" srcset=\"https:\/\/koosbuist.nl\/wp-content\/uploads\/2021\/08\/P1820099-1024x576.jpg 1024w, https:\/\/koosbuist.nl\/wp-content\/uploads\/2021\/08\/P1820099-768x432.jpg 768w, https:\/\/koosbuist.nl\/wp-content\/uploads\/2021\/08\/P1820099-1536x864.jpg 1536w, https:\/\/koosbuist.nl\/wp-content\/uploads\/2021\/08\/P1820099-2048x1152.jpg 2048w\" sizes=\"(max-width: 560px) 100vw, 560px\" \/><\/a><\/p>\n<p>Tijdens de Nacht van kunst en Wetenschap liepen wij een evolutionair rondje om de A kerk, opzoek naar stads natuur.<br \/>\nIn de straat stenen vonden wij fossielen uit de zeebodem, algen, varens en springstaten op de kerk muur en muizen tussen het afval.<\/p>\n<p><a href=\"http:\/\/koosbuist.nl\/wp-content\/uploads\/2021\/08\/Zomerschool-biotoop-wit--scaled.jpg\"><img loading=\"lazy\" class=\"alignnone wp-image-1747 size-large\" src=\"http:\/\/koosbuist.nl\/wp-content\/uploads\/2021\/08\/Zomerschool-biotoop-wit--scaled-e1628674643190-729x1024.jpg\" alt=\"\" width=\"560\" height=\"787\" srcset=\"https:\/\/koosbuist.nl\/wp-content\/uploads\/2021\/08\/Zomerschool-biotoop-wit--scaled-e1628674643190-729x1024.jpg 729w, https:\/\/koosbuist.nl\/wp-content\/uploads\/2021\/08\/Zomerschool-biotoop-wit--scaled-e1628674643190-768x1079.jpg 768w, https:\/\/koosbuist.nl\/wp-content\/uploads\/2021\/08\/Zomerschool-biotoop-wit--scaled-e1628674643190-1093x1536.jpg 1093w, https:\/\/koosbuist.nl\/wp-content\/uploads\/2021\/08\/Zomerschool-biotoop-wit--scaled-e1628674643190-1457x2048.jpg 1457w, https:\/\/koosbuist.nl\/wp-content\/uploads\/2021\/08\/Zomerschool-biotoop-wit--scaled-e1628674643190.jpg 1689w\" sizes=\"(max-width: 560px) 100vw, 560px\" \/><\/a><\/p>\n<p>Tijdens workshop week bij mijn atelier in de Biotoop onderzochten we de micro natuur rond de voormalige biologie faculteit en maakten de kinderen boekjes van hun vondsten en ontdekkingen.<\/p>\n<p><a href=\"http:\/\/koosbuist.nl\/wp-content\/uploads\/2021\/08\/Schimmenspel-Wit--scaled.jpg\"><img loading=\"lazy\" class=\"alignnone wp-image-1745 size-large\" src=\"http:\/\/koosbuist.nl\/wp-content\/uploads\/2021\/08\/Schimmenspel-Wit--scaled-e1628674670197-718x1024.jpg\" alt=\"\" width=\"560\" height=\"799\" srcset=\"https:\/\/koosbuist.nl\/wp-content\/uploads\/2021\/08\/Schimmenspel-Wit--scaled-e1628674670197-718x1024.jpg 718w, https:\/\/koosbuist.nl\/wp-content\/uploads\/2021\/08\/Schimmenspel-Wit--scaled-e1628674670197-768x1096.jpg 768w, https:\/\/koosbuist.nl\/wp-content\/uploads\/2021\/08\/Schimmenspel-Wit--scaled-e1628674670197-1077x1536.jpg 1077w, https:\/\/koosbuist.nl\/wp-content\/uploads\/2021\/08\/Schimmenspel-Wit--scaled-e1628674670197-1435x2048.jpg 1435w, https:\/\/koosbuist.nl\/wp-content\/uploads\/2021\/08\/Schimmenspel-Wit--scaled-e1628674670197.jpg 1664w\" sizes=\"(max-width: 560px) 100vw, 560px\" \/><\/a><\/p>\n<p>SCHADUWSPEL, ouders en kinderen kunnen met verschillende attributen, filters en zelfgemaakte silhouetten een eigen wereld cre\u00ebren. Daarna kunnen zij hier &#8216;in&#8217; gaan staan en wordt en een foto gemaakt die direct wordt geprint. Door te spelen met schaduw, afstand en lichaamshoudingen kunnen er mooie scenes worden gecre\u00eberd.<\/p>\n<p><a href=\"http:\/\/koosbuist.nl\/wp-content\/uploads\/2021\/08\/Wad-Maskers-wit--scaled.jpg\"><img loading=\"lazy\" class=\"alignnone wp-image-1746 size-large\" src=\"http:\/\/koosbuist.nl\/wp-content\/uploads\/2021\/08\/Wad-Maskers-wit--scaled-e1628674696163-705x1024.jpg\" alt=\"\" width=\"560\" height=\"813\" srcset=\"https:\/\/koosbuist.nl\/wp-content\/uploads\/2021\/08\/Wad-Maskers-wit--scaled-e1628674696163-705x1024.jpg 705w, https:\/\/koosbuist.nl\/wp-content\/uploads\/2021\/08\/Wad-Maskers-wit--scaled-e1628674696163-768x1115.jpg 768w, https:\/\/koosbuist.nl\/wp-content\/uploads\/2021\/08\/Wad-Maskers-wit--scaled-e1628674696163-1058x1536.jpg 1058w, https:\/\/koosbuist.nl\/wp-content\/uploads\/2021\/08\/Wad-Maskers-wit--scaled-e1628674696163-1410x2048.jpg 1410w, https:\/\/koosbuist.nl\/wp-content\/uploads\/2021\/08\/Wad-Maskers-wit--scaled-e1628674696163.jpg 1657w\" sizes=\"(max-width: 560px) 100vw, 560px\" \/><\/a><\/p>\n<p>WAD MASKERS, maskers gemaakt van verschillend gejut materiaal.<br \/>\nAls onderdeel van het waddenzeevolk project. maakten we van &#8216;afval&#8217; maskers ge\u00efnspireerd culturele stijl van een hypothetisch waddenzeevolk.<\/p>\n<p><a href=\"http:\/\/koosbuist.nl\/wp-content\/uploads\/2021\/08\/bomen-expositie-WIerdeland-Wit-1-1-scaled.jpg\"><img loading=\"lazy\" class=\"alignnone wp-image-1748 size-large\" src=\"http:\/\/koosbuist.nl\/wp-content\/uploads\/2021\/08\/bomen-expositie-WIerdeland-Wit-1-1-scaled-e1628674721666-718x1024.jpg\" alt=\"\" width=\"560\" height=\"799\" srcset=\"https:\/\/koosbuist.nl\/wp-content\/uploads\/2021\/08\/bomen-expositie-WIerdeland-Wit-1-1-scaled-e1628674721666-718x1024.jpg 718w, https:\/\/koosbuist.nl\/wp-content\/uploads\/2021\/08\/bomen-expositie-WIerdeland-Wit-1-1-scaled-e1628674721666-768x1095.jpg 768w, https:\/\/koosbuist.nl\/wp-content\/uploads\/2021\/08\/bomen-expositie-WIerdeland-Wit-1-1-scaled-e1628674721666-1077x1536.jpg 1077w, https:\/\/koosbuist.nl\/wp-content\/uploads\/2021\/08\/bomen-expositie-WIerdeland-Wit-1-1-scaled-e1628674721666-1436x2048.jpg 1436w, https:\/\/koosbuist.nl\/wp-content\/uploads\/2021\/08\/bomen-expositie-WIerdeland-Wit-1-1-scaled-e1628674721666.jpg 1728w\" sizes=\"(max-width: 560px) 100vw, 560px\" \/><\/a><\/p>\n<p>BOMEN, Als onderdeel van de BOMEN expositie, ontwikkelde ik met de kinderen van de basis school een aparte expositie in het Museum Wierdeland. Samen dachten we na wat een boom nou eigenlijk is en doet. De kinderen maakten allemaal een tekening van hun leeftijd in levensringen en net als bij een boom konden zij door het dikker of dunner maken van de ringen persoonlijke elementen van hun levensloop hier in verwerken. Daarnaast tekenende de kinderen van de onder en midden met houtskool bomen met hun eigen hand als basis, als groep een aantal drie meter hoge tekeningen en de boven bouw een ruimtelijke boom uit karton.<\/p>\n<p><a href=\"http:\/\/koosbuist.nl\/wp-content\/uploads\/2021\/08\/Diepzee-shuit-wit-1-1-scaled.jpg\"><img loading=\"lazy\" class=\"alignnone wp-image-1749 size-large\" src=\"http:\/\/koosbuist.nl\/wp-content\/uploads\/2021\/08\/Diepzee-shuit-wit-1-1-scaled-e1628674743644-719x1024.jpg\" alt=\"\" width=\"560\" height=\"798\" srcset=\"https:\/\/koosbuist.nl\/wp-content\/uploads\/2021\/08\/Diepzee-shuit-wit-1-1-scaled-e1628674743644-719x1024.jpg 719w, https:\/\/koosbuist.nl\/wp-content\/uploads\/2021\/08\/Diepzee-shuit-wit-1-1-scaled-e1628674743644-768x1094.jpg 768w, https:\/\/koosbuist.nl\/wp-content\/uploads\/2021\/08\/Diepzee-shuit-wit-1-1-scaled-e1628674743644-1079x1536.jpg 1079w, https:\/\/koosbuist.nl\/wp-content\/uploads\/2021\/08\/Diepzee-shuit-wit-1-1-scaled-e1628674743644-1438x2048.jpg 1438w, https:\/\/koosbuist.nl\/wp-content\/uploads\/2021\/08\/Diepzee-shuit-wit-1-1-scaled-e1628674743644.jpg 1766w\" sizes=\"(max-width: 560px) 100vw, 560px\" \/><\/a><\/p>\n<p><a href=\"http:\/\/koosbuist.nl\/wp-content\/uploads\/2021\/08\/Diepzee-zolder--scaled.jpg\"><img loading=\"lazy\" class=\"alignnone wp-image-1750 size-large\" src=\"http:\/\/koosbuist.nl\/wp-content\/uploads\/2021\/08\/Diepzee-zolder--scaled-e1628674767411-725x1024.jpg\" alt=\"\" width=\"560\" height=\"791\" srcset=\"https:\/\/koosbuist.nl\/wp-content\/uploads\/2021\/08\/Diepzee-zolder--scaled-e1628674767411-725x1024.jpg 725w, https:\/\/koosbuist.nl\/wp-content\/uploads\/2021\/08\/Diepzee-zolder--scaled-e1628674767411-768x1084.jpg 768w, https:\/\/koosbuist.nl\/wp-content\/uploads\/2021\/08\/Diepzee-zolder--scaled-e1628674767411-1088x1536.jpg 1088w, https:\/\/koosbuist.nl\/wp-content\/uploads\/2021\/08\/Diepzee-zolder--scaled-e1628674767411-1450x2048.jpg 1450w, https:\/\/koosbuist.nl\/wp-content\/uploads\/2021\/08\/Diepzee-zolder--scaled-e1628674767411.jpg 1772w\" sizes=\"(max-width: 560px) 100vw, 560px\" \/><\/a><\/p>\n<p>Diepzee zolder en schuit, tijdens het festival winter welvaart konden ouders en kinderen doorlopend zee dieren tekenen en uit knippen. Ingekleurd met blacklicht stiften lichten deze op en de donkere ruimte van de zolder boven in het scheepvaart museum en in het ruim van een oude platbodem schip. Alle onderwater dieren hing ik aan ter plekke gemaakte mobile. Zo zweefden de lichtgevende dieren door de duistere en schijnbaar peilloze diepten van de zee.<\/p>\n<p>&nbsp;<\/p>\n<div style=\"padding: 56.25% 0 0 0; position: relative;\"><iframe style=\"position: absolute; top: 0; left: 0; width: 100%; height: 100%;\" title=\"Insecten hotel AZC groep 1 en 2\" src=\"https:\/\/player.vimeo.com\/video\/193586995?badge=0&amp;autopause=0&amp;player_id=0&amp;app_id=58479&amp;h=35ba7c8fc1\" frameborder=\"0\" allowfullscreen=\"allowfullscreen\"><\/iframe><\/div>\n<p><script src=\"https:\/\/player.vimeo.com\/api\/player.js\"><\/script><\/p>\n<p>INSECTEN HOTEL film workshop.<\/p>\n<p>Kinderen van het AZC maakten in een reeks middagen een eigen animatie film.<\/p>\n<p>We begonnen met zoeken naar echte insecten om te zien wat dit nou eigenlijk voor dieren zijn.<br \/>\nDaarna maakten ze hun eigen insect personages van karton.<br \/>\nVolgende stap was het maken van de hotel kamer uit karton, tijdschriften.<\/p>\n<p>Opname dag: kinderen speelden en filmende samen hun eigen bedachte verhalen in hun zelf gemaakte decor.<br \/>\nDoor gebruik van oude landschapsfoto boeken konden er ook scenes buiten de kamers worden gespeeld.<\/p>\n<p>Na de eerste montage maakten we samen de soundtrack en geluid effecten.<\/p>\n<p>De Film werd vertoond in zelf gemaakte bioscoop, publiek bestond uit ouders en kinderen van locale basis school.<\/p>\n","protected":false},"excerpt":{"rendered":"<p>Hieronder een selectie van workshops en publieks activeiten voor jong en oud. Deze ontwikkelde ik op uitnodiging voor scholen, festivals, azc&#8217;s en culturele instellingen. Mocht u ook opzoek zijn naar een unieke workshop dan ontwikkel ik na aanleiding van uw wensen, idee\u00ebn en budget met plezier een passend voorstel. Gemiddeld is de totaal prijs van [&hellip;]<\/p>\n","protected":false},"author":1,"featured_media":0,"parent":0,"menu_order":0,"comment_status":"closed","ping_status":"closed","template":"","meta":[],"_links":{"self":[{"href":"https:\/\/koosbuist.nl\/index.php?rest_route=\/wp\/v2\/pages\/1741"}],"collection":[{"href":"https:\/\/koosbuist.nl\/index.php?rest_route=\/wp\/v2\/pages"}],"about":[{"href":"https:\/\/koosbuist.nl\/index.php?rest_route=\/wp\/v2\/types\/page"}],"author":[{"embeddable":true,"href":"https:\/\/koosbuist.nl\/index.php?rest_route=\/wp\/v2\/users\/1"}],"replies":[{"embeddable":true,"href":"https:\/\/koosbuist.nl\/index.php?rest_route=%2Fwp%2Fv2%2Fcomments&post=1741"}],"version-history":[{"count":15,"href":"https:\/\/koosbuist.nl\/index.php?rest_route=\/wp\/v2\/pages\/1741\/revisions"}],"predecessor-version":[{"id":1839,"href":"https:\/\/koosbuist.nl\/index.php?rest_route=\/wp\/v2\/pages\/1741\/revisions\/1839"}],"wp:attachment":[{"href":"https:\/\/koosbuist.nl\/index.php?rest_route=%2Fwp%2Fv2%2Fmedia&parent=1741"}],"curies":[{"name":"wp","href":"https:\/\/api.w.org\/{rel}","templated":true}]}}